{"id":876,"date":"2021-01-06T12:33:40","date_gmt":"2021-01-06T12:33:40","guid":{"rendered":"https:\/\/manupolis.be\/?page_id=876"},"modified":"2021-03-12T11:05:08","modified_gmt":"2021-03-12T11:05:08","slug":"manu-polis-uw-gespecialiseerde-horeca-vleesleverancier","status":"publish","type":"page","link":"https:\/\/manupolis.be\/nl\/manu-polis-uw-gespecialiseerde-horeca-vleesleverancier\/","title":{"rendered":"Manu Polis: uw gespecialiseerde horeca vleesleverancier"},"content":{"rendered":"<p><span style=\"font-weight: 400;\">Manu Polis is uw horeca vleesleverancier bij uitstek! Bij ons vindt u niet alleen een breed assortiment aan soorten vlees, wij leveren bovendien ook een groot assortiment horeca producten. Zo zijn wij horeca vleesleverancier in kwaliteitsvlees van <\/span><a href=\"https:\/\/manupolis.be\/nl\/category\/rundvlees\/\"><span style=\"font-weight: 400;\">rund<\/span><\/a><span style=\"font-weight: 400;\">, <\/span><a href=\"https:\/\/manupolis.be\/nl\/category\/lamsvlees\/\"><span style=\"font-weight: 400;\">lam<\/span><\/a><span style=\"font-weight: 400;\"> en <\/span><a href=\"https:\/\/manupolis.be\/nl\/category\/varkensvlees\/\"><span style=\"font-weight: 400;\">varken<\/span><\/a><span style=\"font-weight: 400;\">. U kan al sinds 1870 terecht bij Manu Polis voor de aankoop van kwalitatief en vers vlees. <\/span><span style=\"font-weight: 400;\">Het vakmanschap in combinatie met een horecagroothandel waar u op kunt bouwen zorgt voor jarenlange partnerships en dat kunnen onze klanten beamen.\u00a0<\/span><\/p>\n<h2><span style=\"font-weight: 400;\">Uw horecaleverancier bij uitstek!<\/span><\/h2>\n<p><span style=\"font-weight: 400;\">Het is zo dat in veel horecazaken vlees de belangrijkste component is van een maaltijd. Een <\/span><a href=\"https:\/\/manupolis.be\/nl\/ribeye-kopen\/\"><span style=\"font-weight: 400;\">ribeye<\/span><\/a><span style=\"font-weight: 400;\">, <\/span><a href=\"https:\/\/manupolis.be\/nl\/ossenstaart-kopen\/\"><span style=\"font-weight: 400;\">ossenstaart<\/span><\/a><span style=\"font-weight: 400;\">, of een mals stukje <\/span><a href=\"https:\/\/manupolis.be\/nl\/lamsvlees-kopen\/\"><span style=\"font-weight: 400;\">lamsvlees<\/span><\/a><span style=\"font-weight: 400;\">, bij ons kan u terecht voor allerlei soorten smaakvol vlees. Daarom is het voor ons natuurlijk ook van uiterst belang dat het stuk vlees dat u op uw bord krijgt van topkwaliteit is. Als horeca vleesleverancier voorzien wij uw zaak van het meest uitgebreide vleesassortiment. Tevens proberen wij altijd de kwaliteit, herkomst, smaak en versheid te waarborgen.\u00a0<\/span><\/p>\n<h2><span style=\"font-weight: 400;\">Een internationaal stukje vlees.<\/span><\/h2>\n<p><span style=\"font-weight: 400;\">Bovendien verkopen wij vlees van over heel de wereld. Lamsvlees van <\/span><a href=\"https:\/\/manupolis.be\/nl\/schots-rundsvlees\/\"><span style=\"font-weight: 400;\">Schotland<\/span><\/a><span style=\"font-weight: 400;\"> of <\/span><a href=\"https:\/\/manupolis.be\/nl\/iers-rundsvlees\/\"><span style=\"font-weight: 400;\">Ierland<\/span><\/a><span style=\"font-weight: 400;\">. Rundsvlees van Noord-Engeland en uiteraard Belgi\u00eb. Maar er komen nog een hoop andere landen aan bod in ons ruim assortiment. Onze werkwijze is simpel: u plaatst uw bestelling, wij maken deze klaar vanuit ons magazijn of nemen contact op met \u00e9\u00e9n van onze leveranciers in Belgi\u00eb of het buitenland indien het gewenste vlees niet voorradig is, en de volgende dag heeft u uw bestelling in handen. Vandaag besteld, morgen op uw klant zijn bord!<\/span><\/p>\n<h2><span style=\"font-weight: 400;\">Sinds de 19e eeuw staan wij in voor de beste kwaliteit.<\/span><\/h2>\n<p><span style=\"font-weight: 400;\">Als vleesgroothandelaar en horeca vleesleverancier zijn wij voortdurend bezig met het garanderen van de beste kwaliteit. Vertrouwen is zeer belangrijk voor ons, daarom kiezen we zorgvuldig de meest betrouwbare leveranciers, waar we dagelijks mee in contact staan. Op deze manier kunnen we de horeca altijd vers, lekker en mals vlees bezorgen. En dit bovendien al generaties lang. Zo hebben wij in de loop der jaren onze expertise gevestigd op het lams- en rundsvlees. Met grote passie voor het vakmanschap doen wij er alles aan om onze klanten van heerlijk vlees te voorzien voor een eerlijke prijs. Bij ons staat smaak en een juist structuur voorop. Wenst u graag meer informatie over Manu Polis als vleesleverancier aan de horeca. Voor meer informatie of een bestelling kan u terecht op onze <\/span><a href=\"https:\/\/manupolis.be\/nl\/contact\/\"><span style=\"font-weight: 400;\">contactpagina<\/span><\/a><span style=\"font-weight: 400;\">. Wij staan voor u klaar!<\/span><\/p>\n","protected":false},"excerpt":{"rendered":"<p>Manu Polis is uw horeca vleesleverancier bij uitstek! Bij ons vindt u niet alleen een breed assortiment aan soorten vlees, wij leveren bovendien ook een groot assortiment horeca producten. Zo zijn wij horeca vleesleverancier in kwaliteitsvlees van rund, lam en varken. U kan al sinds 1870 terecht bij Manu Polis voor de aankoop van kwalitatief [&hellip;]<\/p>\n","protected":false},"author":3,"featured_media":0,"parent":0,"menu_order":0,"comment_status":"closed","ping_status":"closed","template":"","meta":{"_acf_changed":false,"footnotes":""},"class_list":["post-876","page","type-page","status-publish","hentry"],"acf":[],"yoast_head":"<!-- This site is optimized with the Yoast SEO plugin v26.6 - https:\/\/yoast.com\/wordpress\/plugins\/seo\/ -->\n<title>Horeca vleesleverancier - Beenhouwerij &amp; Vleesgroothandel<\/title>\n<meta name=\"description\" content=\"Manu Polis uw horeca vleesleverancier in kwaliteitsvlees van rund, lam en varken. Kijk snel op onze website voor meer informatie.\" \/>\n<meta name=\"robots\" content=\"index, follow, max-snippet:-1, max-image-preview:large, max-video-preview:-1\" \/>\n<link rel=\"canonical\" href=\"https:\/\/manupolis.be\/nl\/manu-polis-uw-gespecialiseerde-horeca-vleesleverancier\/\" \/>\n<meta property=\"og:locale\" content=\"nl_BE\" \/>\n<meta property=\"og:type\" content=\"article\" \/>\n<meta property=\"og:title\" content=\"Horeca vleesleverancier - Beenhouwerij &amp; Vleesgroothandel\" \/>\n<meta property=\"og:description\" content=\"Manu Polis uw horeca vleesleverancier in kwaliteitsvlees van rund, lam en varken. Kijk snel op onze website voor meer informatie.\" \/>\n<meta property=\"og:url\" content=\"https:\/\/manupolis.be\/nl\/manu-polis-uw-gespecialiseerde-horeca-vleesleverancier\/\" \/>\n<meta property=\"og:site_name\" content=\"Manu polis\" \/>\n<meta property=\"article:modified_time\" content=\"2021-03-12T11:05:08+00:00\" \/>\n<meta name=\"twitter:card\" content=\"summary_large_image\" \/>\n<meta name=\"twitter:label1\" content=\"Geschatte leestijd\" \/>\n\t<meta name=\"twitter:data1\" content=\"2 minuten\" \/>\n<script type=\"application\/ld+json\" class=\"yoast-schema-graph\">{\"@context\":\"https:\/\/schema.org\",\"@graph\":[{\"@type\":\"WebPage\",\"@id\":\"https:\/\/manupolis.be\/nl\/manu-polis-uw-gespecialiseerde-horeca-vleesleverancier\/\",\"url\":\"https:\/\/manupolis.be\/nl\/manu-polis-uw-gespecialiseerde-horeca-vleesleverancier\/\",\"name\":\"Horeca vleesleverancier - Beenhouwerij & Vleesgroothandel\",\"isPartOf\":{\"@id\":\"https:\/\/manupolis.be\/#website\"},\"datePublished\":\"2021-01-06T12:33:40+00:00\",\"dateModified\":\"2021-03-12T11:05:08+00:00\",\"description\":\"Manu Polis uw horeca vleesleverancier in kwaliteitsvlees van rund, lam en varken. Kijk snel op onze website voor meer informatie.\",\"breadcrumb\":{\"@id\":\"https:\/\/manupolis.be\/nl\/manu-polis-uw-gespecialiseerde-horeca-vleesleverancier\/#breadcrumb\"},\"inLanguage\":\"nl-BE\",\"potentialAction\":[{\"@type\":\"ReadAction\",\"target\":[\"https:\/\/manupolis.be\/nl\/manu-polis-uw-gespecialiseerde-horeca-vleesleverancier\/\"]}]},{\"@type\":\"BreadcrumbList\",\"@id\":\"https:\/\/manupolis.be\/nl\/manu-polis-uw-gespecialiseerde-horeca-vleesleverancier\/#breadcrumb\",\"itemListElement\":[{\"@type\":\"ListItem\",\"position\":1,\"name\":\"Home\",\"item\":\"https:\/\/manupolis.be\/nl\/\"},{\"@type\":\"ListItem\",\"position\":2,\"name\":\"Manu Polis: uw gespecialiseerde horeca vleesleverancier\"}]},{\"@type\":\"WebSite\",\"@id\":\"https:\/\/manupolis.be\/#website\",\"url\":\"https:\/\/manupolis.be\/\",\"name\":\"Manu polis\",\"description\":\"\",\"potentialAction\":[{\"@type\":\"SearchAction\",\"target\":{\"@type\":\"EntryPoint\",\"urlTemplate\":\"https:\/\/manupolis.be\/?s={search_term_string}\"},\"query-input\":{\"@type\":\"PropertyValueSpecification\",\"valueRequired\":true,\"valueName\":\"search_term_string\"}}],\"inLanguage\":\"nl-BE\"}]}<\/script>\n<!-- \/ Yoast SEO plugin. -->","yoast_head_json":{"title":"Horeca vleesleverancier - Beenhouwerij & Vleesgroothandel","description":"Manu Polis uw horeca vleesleverancier in kwaliteitsvlees van rund, lam en varken. Kijk snel op onze website voor meer informatie.","robots":{"index":"index","follow":"follow","max-snippet":"max-snippet:-1","max-image-preview":"max-image-preview:large","max-video-preview":"max-video-preview:-1"},"canonical":"https:\/\/manupolis.be\/nl\/manu-polis-uw-gespecialiseerde-horeca-vleesleverancier\/","og_locale":"nl_BE","og_type":"article","og_title":"Horeca vleesleverancier - Beenhouwerij & Vleesgroothandel","og_description":"Manu Polis uw horeca vleesleverancier in kwaliteitsvlees van rund, lam en varken. Kijk snel op onze website voor meer informatie.","og_url":"https:\/\/manupolis.be\/nl\/manu-polis-uw-gespecialiseerde-horeca-vleesleverancier\/","og_site_name":"Manu polis","article_modified_time":"2021-03-12T11:05:08+00:00","twitter_card":"summary_large_image","twitter_misc":{"Geschatte leestijd":"2 minuten"},"schema":{"@context":"https:\/\/schema.org","@graph":[{"@type":"WebPage","@id":"https:\/\/manupolis.be\/nl\/manu-polis-uw-gespecialiseerde-horeca-vleesleverancier\/","url":"https:\/\/manupolis.be\/nl\/manu-polis-uw-gespecialiseerde-horeca-vleesleverancier\/","name":"Horeca vleesleverancier - Beenhouwerij & Vleesgroothandel","isPartOf":{"@id":"https:\/\/manupolis.be\/#website"},"datePublished":"2021-01-06T12:33:40+00:00","dateModified":"2021-03-12T11:05:08+00:00","description":"Manu Polis uw horeca vleesleverancier in kwaliteitsvlees van rund, lam en varken. Kijk snel op onze website voor meer informatie.","breadcrumb":{"@id":"https:\/\/manupolis.be\/nl\/manu-polis-uw-gespecialiseerde-horeca-vleesleverancier\/#breadcrumb"},"inLanguage":"nl-BE","potentialAction":[{"@type":"ReadAction","target":["https:\/\/manupolis.be\/nl\/manu-polis-uw-gespecialiseerde-horeca-vleesleverancier\/"]}]},{"@type":"BreadcrumbList","@id":"https:\/\/manupolis.be\/nl\/manu-polis-uw-gespecialiseerde-horeca-vleesleverancier\/#breadcrumb","itemListElement":[{"@type":"ListItem","position":1,"name":"Home","item":"https:\/\/manupolis.be\/nl\/"},{"@type":"ListItem","position":2,"name":"Manu Polis: uw gespecialiseerde horeca vleesleverancier"}]},{"@type":"WebSite","@id":"https:\/\/manupolis.be\/#website","url":"https:\/\/manupolis.be\/","name":"Manu polis","description":"","potentialAction":[{"@type":"SearchAction","target":{"@type":"EntryPoint","urlTemplate":"https:\/\/manupolis.be\/?s={search_term_string}"},"query-input":{"@type":"PropertyValueSpecification","valueRequired":true,"valueName":"search_term_string"}}],"inLanguage":"nl-BE"}]}},"_links":{"self":[{"href":"https:\/\/manupolis.be\/nl\/wp-json\/wp\/v2\/pages\/876","targetHints":{"allow":["GET"]}}],"collection":[{"href":"https:\/\/manupolis.be\/nl\/wp-json\/wp\/v2\/pages"}],"about":[{"href":"https:\/\/manupolis.be\/nl\/wp-json\/wp\/v2\/types\/page"}],"author":[{"embeddable":true,"href":"https:\/\/manupolis.be\/nl\/wp-json\/wp\/v2\/users\/3"}],"replies":[{"embeddable":true,"href":"https:\/\/manupolis.be\/nl\/wp-json\/wp\/v2\/comments?post=876"}],"version-history":[{"count":2,"href":"https:\/\/manupolis.be\/nl\/wp-json\/wp\/v2\/pages\/876\/revisions"}],"predecessor-version":[{"id":878,"href":"https:\/\/manupolis.be\/nl\/wp-json\/wp\/v2\/pages\/876\/revisions\/878"}],"wp:attachment":[{"href":"https:\/\/manupolis.be\/nl\/wp-json\/wp\/v2\/media?parent=876"}],"curies":[{"name":"wp","href":"https:\/\/api.w.org\/{rel}","templated":true}]}}