{"id":746,"date":"2018-06-20T07:41:43","date_gmt":"2018-06-20T07:41:43","guid":{"rendered":"http:\/\/manupolis.be\/?page_id=746"},"modified":"2023-01-02T13:57:21","modified_gmt":"2023-01-02T13:57:21","slug":"home-2","status":"publish","type":"page","link":"https:\/\/manupolis.be\/nl\/home-2\/","title":{"rendered":"Home"},"content":{"rendered":"<h1>Sp\u00e9cialiste en viande d\u2019agneau et bovine<\/h1>\n<p>La boucherie et grossiste en viande Manu Polis est depuis 1970 le sp\u00e9cialiste en viande d\u2019agneau et bovine. Nous fournissons aux grossistes, bouchers et restaurants et les particuliers peuvent aussi nous placer une commande. Nous connaissons tout chez Manu Polis du m\u00e9tier de boucher : nous fournissons de la viande de qualit\u00e9 que nous avons d\u00e9coup\u00e9e, emball\u00e9e et conserv\u00e9e en chambre froide selon les directives.<\/p>\n<a href=\"http:\/\/manupolis.be\/fr\/manu-polis\/\" class=\"button\" title=\"\">EN SAVOIR PLUS<\/a>\n","protected":false},"excerpt":{"rendered":"<p>Sp\u00e9cialiste en viande d\u2019agneau et bovine La boucherie et grossiste en viande Manu Polis est depuis 1970 le sp\u00e9cialiste en viande d\u2019agneau et bovine. Nous fournissons aux grossistes, bouchers et restaurants et les particuliers peuvent aussi nous placer une commande. Nous connaissons tout chez Manu Polis du m\u00e9tier de boucher : nous fournissons de la [&hellip;]<\/p>\n","protected":false},"author":3,"featured_media":393,"parent":0,"menu_order":0,"comment_status":"open","ping_status":"open","template":"homepage.php","meta":{"_acf_changed":false,"footnotes":""},"class_list":["post-746","page","type-page","status-publish","has-post-thumbnail","hentry"],"acf":[],"yoast_head":"<!-- This site is optimized with the Yoast SEO plugin v26.6 - https:\/\/yoast.com\/wordpress\/plugins\/seo\/ -->\n<title>Home - Manu polis<\/title>\n<meta name=\"description\" content=\"Les jambi\u00e8res de Manu Polis sont des experts dans leur domaine. D\u00e9couvrez toutes les possibilit\u00e9s d\u00e8s maintenant sur notre site web.\" \/>\n<meta name=\"robots\" content=\"index, follow, max-snippet:-1, max-image-preview:large, max-video-preview:-1\" \/>\n<link rel=\"canonical\" href=\"https:\/\/manupolis.be\/nl\/home-2\/\" \/>\n<meta property=\"og:locale\" content=\"nl_BE\" \/>\n<meta property=\"og:type\" content=\"article\" \/>\n<meta property=\"og:title\" content=\"Home - Manu polis\" \/>\n<meta property=\"og:description\" content=\"Les jambi\u00e8res de Manu Polis sont des experts dans leur domaine. D\u00e9couvrez toutes les possibilit\u00e9s d\u00e8s maintenant sur notre site web.\" \/>\n<meta property=\"og:url\" content=\"https:\/\/manupolis.be\/nl\/home-2\/\" \/>\n<meta property=\"og:site_name\" content=\"Manu polis\" \/>\n<meta property=\"article:modified_time\" content=\"2023-01-02T13:57:21+00:00\" \/>\n<meta property=\"og:image\" content=\"https:\/\/manupolis.be\/wp-content\/uploads\/2015\/07\/shutterstock_134140061.jpg\" \/>\n\t<meta property=\"og:image:width\" content=\"347\" \/>\n\t<meta property=\"og:image:height\" content=\"488\" \/>\n\t<meta property=\"og:image:type\" content=\"image\/jpeg\" \/>\n<meta name=\"twitter:card\" content=\"summary_large_image\" \/>\n<meta name=\"twitter:label1\" content=\"Geschatte leestijd\" \/>\n\t<meta name=\"twitter:data1\" content=\"1 minuut\" \/>\n<script type=\"application\/ld+json\" class=\"yoast-schema-graph\">{\"@context\":\"https:\/\/schema.org\",\"@graph\":[{\"@type\":\"WebPage\",\"@id\":\"https:\/\/manupolis.be\/nl\/home-2\/\",\"url\":\"https:\/\/manupolis.be\/nl\/home-2\/\",\"name\":\"Home - Manu polis\",\"isPartOf\":{\"@id\":\"https:\/\/manupolis.be\/#website\"},\"primaryImageOfPage\":{\"@id\":\"https:\/\/manupolis.be\/nl\/home-2\/#primaryimage\"},\"image\":{\"@id\":\"https:\/\/manupolis.be\/nl\/home-2\/#primaryimage\"},\"thumbnailUrl\":\"https:\/\/manupolis.be\/wp-content\/uploads\/2015\/07\/shutterstock_134140061.jpg\",\"datePublished\":\"2018-06-20T07:41:43+00:00\",\"dateModified\":\"2023-01-02T13:57:21+00:00\",\"description\":\"Les jambi\u00e8res de Manu Polis sont des experts dans leur domaine. D\u00e9couvrez toutes les possibilit\u00e9s d\u00e8s maintenant sur notre site web.\",\"breadcrumb\":{\"@id\":\"https:\/\/manupolis.be\/nl\/home-2\/#breadcrumb\"},\"inLanguage\":\"nl-BE\",\"potentialAction\":[{\"@type\":\"ReadAction\",\"target\":[\"https:\/\/manupolis.be\/nl\/home-2\/\"]}]},{\"@type\":\"ImageObject\",\"inLanguage\":\"nl-BE\",\"@id\":\"https:\/\/manupolis.be\/nl\/home-2\/#primaryimage\",\"url\":\"https:\/\/manupolis.be\/wp-content\/uploads\/2015\/07\/shutterstock_134140061.jpg\",\"contentUrl\":\"https:\/\/manupolis.be\/wp-content\/uploads\/2015\/07\/shutterstock_134140061.jpg\",\"width\":347,\"height\":488},{\"@type\":\"BreadcrumbList\",\"@id\":\"https:\/\/manupolis.be\/nl\/home-2\/#breadcrumb\",\"itemListElement\":[{\"@type\":\"ListItem\",\"position\":1,\"name\":\"Home\",\"item\":\"https:\/\/manupolis.be\/nl\/\"},{\"@type\":\"ListItem\",\"position\":2,\"name\":\"Home\"}]},{\"@type\":\"WebSite\",\"@id\":\"https:\/\/manupolis.be\/#website\",\"url\":\"https:\/\/manupolis.be\/\",\"name\":\"Manu polis\",\"description\":\"\",\"potentialAction\":[{\"@type\":\"SearchAction\",\"target\":{\"@type\":\"EntryPoint\",\"urlTemplate\":\"https:\/\/manupolis.be\/?s={search_term_string}\"},\"query-input\":{\"@type\":\"PropertyValueSpecification\",\"valueRequired\":true,\"valueName\":\"search_term_string\"}}],\"inLanguage\":\"nl-BE\"}]}<\/script>\n<!-- \/ Yoast SEO plugin. -->","yoast_head_json":{"title":"Home - Manu polis","description":"Les jambi\u00e8res de Manu Polis sont des experts dans leur domaine. D\u00e9couvrez toutes les possibilit\u00e9s d\u00e8s maintenant sur notre site web.","robots":{"index":"index","follow":"follow","max-snippet":"max-snippet:-1","max-image-preview":"max-image-preview:large","max-video-preview":"max-video-preview:-1"},"canonical":"https:\/\/manupolis.be\/nl\/home-2\/","og_locale":"nl_BE","og_type":"article","og_title":"Home - Manu polis","og_description":"Les jambi\u00e8res de Manu Polis sont des experts dans leur domaine. D\u00e9couvrez toutes les possibilit\u00e9s d\u00e8s maintenant sur notre site web.","og_url":"https:\/\/manupolis.be\/nl\/home-2\/","og_site_name":"Manu polis","article_modified_time":"2023-01-02T13:57:21+00:00","og_image":[{"width":347,"height":488,"url":"https:\/\/manupolis.be\/wp-content\/uploads\/2015\/07\/shutterstock_134140061.jpg","type":"image\/jpeg"}],"twitter_card":"summary_large_image","twitter_misc":{"Geschatte leestijd":"1 minuut"},"schema":{"@context":"https:\/\/schema.org","@graph":[{"@type":"WebPage","@id":"https:\/\/manupolis.be\/nl\/home-2\/","url":"https:\/\/manupolis.be\/nl\/home-2\/","name":"Home - Manu polis","isPartOf":{"@id":"https:\/\/manupolis.be\/#website"},"primaryImageOfPage":{"@id":"https:\/\/manupolis.be\/nl\/home-2\/#primaryimage"},"image":{"@id":"https:\/\/manupolis.be\/nl\/home-2\/#primaryimage"},"thumbnailUrl":"https:\/\/manupolis.be\/wp-content\/uploads\/2015\/07\/shutterstock_134140061.jpg","datePublished":"2018-06-20T07:41:43+00:00","dateModified":"2023-01-02T13:57:21+00:00","description":"Les jambi\u00e8res de Manu Polis sont des experts dans leur domaine. D\u00e9couvrez toutes les possibilit\u00e9s d\u00e8s maintenant sur notre site web.","breadcrumb":{"@id":"https:\/\/manupolis.be\/nl\/home-2\/#breadcrumb"},"inLanguage":"nl-BE","potentialAction":[{"@type":"ReadAction","target":["https:\/\/manupolis.be\/nl\/home-2\/"]}]},{"@type":"ImageObject","inLanguage":"nl-BE","@id":"https:\/\/manupolis.be\/nl\/home-2\/#primaryimage","url":"https:\/\/manupolis.be\/wp-content\/uploads\/2015\/07\/shutterstock_134140061.jpg","contentUrl":"https:\/\/manupolis.be\/wp-content\/uploads\/2015\/07\/shutterstock_134140061.jpg","width":347,"height":488},{"@type":"BreadcrumbList","@id":"https:\/\/manupolis.be\/nl\/home-2\/#breadcrumb","itemListElement":[{"@type":"ListItem","position":1,"name":"Home","item":"https:\/\/manupolis.be\/nl\/"},{"@type":"ListItem","position":2,"name":"Home"}]},{"@type":"WebSite","@id":"https:\/\/manupolis.be\/#website","url":"https:\/\/manupolis.be\/","name":"Manu polis","description":"","potentialAction":[{"@type":"SearchAction","target":{"@type":"EntryPoint","urlTemplate":"https:\/\/manupolis.be\/?s={search_term_string}"},"query-input":{"@type":"PropertyValueSpecification","valueRequired":true,"valueName":"search_term_string"}}],"inLanguage":"nl-BE"}]}},"_links":{"self":[{"href":"https:\/\/manupolis.be\/nl\/wp-json\/wp\/v2\/pages\/746","targetHints":{"allow":["GET"]}}],"collection":[{"href":"https:\/\/manupolis.be\/nl\/wp-json\/wp\/v2\/pages"}],"about":[{"href":"https:\/\/manupolis.be\/nl\/wp-json\/wp\/v2\/types\/page"}],"author":[{"embeddable":true,"href":"https:\/\/manupolis.be\/nl\/wp-json\/wp\/v2\/users\/3"}],"replies":[{"embeddable":true,"href":"https:\/\/manupolis.be\/nl\/wp-json\/wp\/v2\/comments?post=746"}],"version-history":[{"count":2,"href":"https:\/\/manupolis.be\/nl\/wp-json\/wp\/v2\/pages\/746\/revisions"}],"predecessor-version":[{"id":933,"href":"https:\/\/manupolis.be\/nl\/wp-json\/wp\/v2\/pages\/746\/revisions\/933"}],"wp:featuredmedia":[{"embeddable":true,"href":"https:\/\/manupolis.be\/nl\/wp-json\/wp\/v2\/media\/393"}],"wp:attachment":[{"href":"https:\/\/manupolis.be\/nl\/wp-json\/wp\/v2\/media?parent=746"}],"curies":[{"name":"wp","href":"https:\/\/api.w.org\/{rel}","templated":true}]}}